{"id":1054,"date":"2025-07-31T13:11:34","date_gmt":"2025-07-31T11:11:34","guid":{"rendered":"https:\/\/2dev.site\/lb10.ch\/coaching\/"},"modified":"2025-11-20T01:16:17","modified_gmt":"2025-11-19T23:16:17","slug":"coaching","status":"publish","type":"page","link":"https:\/\/lb10.com\/en\/coaching\/","title":{"rendered":"Coaching"},"content":{"rendered":"\t\t<div data-elementor-type=\"wp-page\" data-elementor-id=\"1054\" class=\"elementor elementor-1054 elementor-715\" data-elementor-post-type=\"page\">\n\t\t\t\t<div class=\"elementor-element elementor-element-c83bfb8 e-flex e-con-boxed e-con e-parent\" data-id=\"c83bfb8\" data-element_type=\"container\" data-e-type=\"container\" data-settings=\"{&quot;background_background&quot;:&quot;classic&quot;}\">\n\t\t\t\t\t<div class=\"e-con-inner\">\n\t\t\t\t<div class=\"elementor-element elementor-element-57967ae elementor-widget__width-inherit elementor-widget elementor-widget-heading\" data-id=\"57967ae\" data-element_type=\"widget\" data-e-type=\"widget\" data-widget_type=\"heading.default\">\n\t\t\t\t\t<h1 class=\"elementor-heading-title elementor-size-default\">Coaching<\/h1>\t\t\t\t<\/div>\n\t\t\t\t<div class=\"elementor-element elementor-element-161dfd1 elementor-widget__width-initial elementor-widget elementor-widget-text-editor\" data-id=\"161dfd1\" data-element_type=\"widget\" data-e-type=\"widget\" data-widget_type=\"text-editor.default\">\n\t\t\t\t\t\t\t\t\t<p>Clear orientation and professional support in everyday leadership.<\/p>\n\t\t\t\t\t\t\t\t<\/div>\n\t\t\t\t\t<\/div>\n\t\t\t\t<\/div>\n\t\t<div class=\"elementor-element elementor-element-b44cb47 e-flex e-con-boxed e-con e-parent\" data-id=\"b44cb47\" data-element_type=\"container\" data-e-type=\"container\">\n\t\t\t\t\t<div class=\"e-con-inner\">\n\t\t<div class=\"elementor-element elementor-element-143b997 e-con-full e-flex e-con e-child\" data-id=\"143b997\" data-element_type=\"container\" data-e-type=\"container\">\n\t\t\t\t<div class=\"elementor-element elementor-element-1a43d17 elementor-widget__width-inherit border-image elementor-widget-mobile__width-inherit elementor-invisible elementor-widget elementor-widget-image\" data-id=\"1a43d17\" data-element_type=\"widget\" data-e-type=\"widget\" data-settings=\"{&quot;_animation&quot;:&quot;fadeInLeft&quot;}\" data-widget_type=\"image.default\">\n\t\t\t\t\t\t\t\t\t\t\t\t\t\t\t<img fetchpriority=\"high\" decoding=\"async\" width=\"800\" height=\"533\" src=\"https:\/\/lb10.com\/wp-content\/uploads\/2025\/08\/LB10_AMP_18.07.2025milenazeloni-361-1.jpg\" class=\"attachment-large size-large wp-image-1106\" alt=\"LB10 Coaching \u2013 Einzelcoaching-Gespr\u00e4ch zwischen zwei F\u00fchrungskr\u00e4ften in professioneller Business-Umgebung\" srcset=\"https:\/\/lb10.com\/wp-content\/uploads\/2025\/08\/LB10_AMP_18.07.2025milenazeloni-361-1.jpg 800w, https:\/\/lb10.com\/wp-content\/uploads\/2025\/08\/LB10_AMP_18.07.2025milenazeloni-361-1-300x200.jpg 300w, https:\/\/lb10.com\/wp-content\/uploads\/2025\/08\/LB10_AMP_18.07.2025milenazeloni-361-1-768x512.jpg 768w\" sizes=\"(max-width: 800px) 100vw, 800px\" \/>\t\t\t\t\t\t\t\t\t\t\t\t\t\t\t<\/div>\n\t\t\t\t<\/div>\n\t\t<div class=\"elementor-element elementor-element-7daf60e e-con-full gray-block right e-flex e-con e-child\" data-id=\"7daf60e\" data-element_type=\"container\" data-e-type=\"container\">\n\t\t\t\t<div class=\"elementor-element elementor-element-c67df34 elementor-widget elementor-widget-heading\" data-id=\"c67df34\" data-element_type=\"widget\" data-e-type=\"widget\" data-widget_type=\"heading.default\">\n\t\t\t\t\t<h2 class=\"elementor-heading-title elementor-size-default\">Coaching<\/h2>\t\t\t\t<\/div>\n\t\t\t\t<div class=\"elementor-element elementor-element-4e85b1e elementor-widget elementor-widget-text-editor\" data-id=\"4e85b1e\" data-element_type=\"widget\" data-e-type=\"widget\" data-widget_type=\"text-editor.default\">\n\t\t\t\t\t\t\t\t\t<p class=\"p1\">Leading requires clarity \u2013 and that clarity starts with yourself.<br \/>\n<b><\/b>Anyone who holds responsibility in an organization makes decisions every day. Between strategy, team leadership, and personal standards, there\u2019s often little room to pause. This is where coaching comes in.<\/p>\n<p><\/p>\n<p class=\"p2\">As a sparring partner, I support leaders who don\u2019t just want to do their job \u2013 but want to make a difference.<\/p>\n<p><\/p>\n<p class=\"p2\">Coaching creates space for reflection and clarity. You gain distance from the day-to-day, sort through your thoughts, question assumptions, and reconnect with what truly drives you.<\/p>\n<p><\/p>\n<p class=\"p2\">Not as a method, but as a mindset. So that leadership not only becomes more effective \u2013 but meaningful again.<\/p>\n\t\t\t\t\t\t\t\t<\/div>\n\t\t\t\t<\/div>\n\t\t\t\t\t<\/div>\n\t\t\t\t<\/div>\n\t\t<div class=\"elementor-element elementor-element-fdcb07a e-flex e-con-boxed e-con e-parent\" data-id=\"fdcb07a\" data-element_type=\"container\" data-e-type=\"container\">\n\t\t\t\t\t<div class=\"e-con-inner\">\n\t\t<div class=\"elementor-element elementor-element-3ebbcb4 e-con-full gray-block left e-flex e-con e-child\" data-id=\"3ebbcb4\" data-element_type=\"container\" data-e-type=\"container\">\n\t\t\t\t<div class=\"elementor-element elementor-element-bd7722f elementor-widget elementor-widget-heading\" data-id=\"bd7722f\" data-element_type=\"widget\" data-e-type=\"widget\" data-widget_type=\"heading.default\">\n\t\t\t\t\t<h2 class=\"elementor-heading-title elementor-size-default\">Everything\u2019s running smoothly \u2013 and yet, something feels off.<\/h2>\t\t\t\t<\/div>\n\t\t\t\t<div class=\"elementor-element elementor-element-c96a929 elementor-widget elementor-widget-text-editor\" data-id=\"c96a929\" data-element_type=\"widget\" data-e-type=\"widget\" data-widget_type=\"text-editor.default\">\n\t\t\t\t\t\t\t\t\t<p>You\u2019ve accomplished a great deal \u2014 professional success, goals achieved, responsibilities taken on. And yet, there\u2019s this feeling: something doesn\u2019t feel right anymore. The way things are now \u2014 it\u2019s not how you want them to continue.<\/p>\n<p>But pinpointing exactly what\u2019s missing? That\u2019s often the hardest part.<\/p>\n<p>In coaching, I take the time to look right there with you.<br \/>Together we clarify: Where do you truly stand? What\u2019s still working? What\u2019s become outdated?<br \/>And what part of you might be calling for change?<\/p>\n<p>It\u2019s not about questioning everything.<br \/>It\u2019s about reconnecting with what truly matters to you \u2014<br \/>so that new clarity can emerge. And with it, a new sense of direction.<\/p>\n\t\t\t\t\t\t\t\t<\/div>\n\t\t\t\t<\/div>\n\t\t<div class=\"elementor-element elementor-element-6da6f83 e-con-full e-flex e-con e-child\" data-id=\"6da6f83\" data-element_type=\"container\" data-e-type=\"container\">\n\t\t\t\t<div class=\"elementor-element elementor-element-64b9598 elementor-widget__width-inherit border-image elementor-widget-mobile__width-inherit elementor-invisible elementor-widget elementor-widget-image\" data-id=\"64b9598\" data-element_type=\"widget\" data-e-type=\"widget\" data-settings=\"{&quot;_animation&quot;:&quot;fadeInLeft&quot;}\" data-widget_type=\"image.default\">\n\t\t\t\t\t\t\t\t\t\t\t\t\t\t\t<img decoding=\"async\" width=\"1024\" height=\"1536\" src=\"https:\/\/lb10.com\/wp-content\/uploads\/2025\/07\/LB10_AMP_18.07.2025\u00a9milenazeloni-323-e1755516954736.jpg\" class=\"attachment-full size-full wp-image-958\" alt=\"Symbolbild f\u00fcr Innehalten und Selbstreflexion; Ver\u00e4nderung und neue Klarheit finden.\" \/>\t\t\t\t\t\t\t\t\t\t\t\t\t\t\t<\/div>\n\t\t\t\t<\/div>\n\t\t\t\t\t<\/div>\n\t\t\t\t<\/div>\n\t\t<div class=\"elementor-element elementor-element-c2d1035 e-flex e-con-boxed e-con e-parent\" data-id=\"c2d1035\" data-element_type=\"container\" data-e-type=\"container\">\n\t\t\t\t\t<div class=\"e-con-inner\">\n\t\t<div class=\"elementor-element elementor-element-c13d7ed e-con-full e-flex e-con e-child\" data-id=\"c13d7ed\" data-element_type=\"container\" data-e-type=\"container\">\n\t\t\t\t<div class=\"elementor-element elementor-element-e977edd elementor-widget__width-inherit border-image elementor-widget-mobile__width-inherit elementor-invisible elementor-widget elementor-widget-image\" data-id=\"e977edd\" data-element_type=\"widget\" data-e-type=\"widget\" data-settings=\"{&quot;_animation&quot;:&quot;fadeInLeft&quot;}\" data-widget_type=\"image.default\">\n\t\t\t\t\t\t\t\t\t\t\t\t\t\t\t<img decoding=\"async\" width=\"800\" height=\"534\" src=\"https:\/\/lb10.com\/wp-content\/uploads\/2025\/07\/LB10_AMP_18.07.2025\u00a9milenazeloni-355.jpg\" class=\"attachment-large size-large wp-image-963\" alt=\"Visualisierung eines neuen Weges oder Ziels; Schritt-f\u00fcr-Schritt-Begleitung im Leadership Coaching.\" srcset=\"https:\/\/lb10.com\/wp-content\/uploads\/2025\/07\/LB10_AMP_18.07.2025\u00a9milenazeloni-355.jpg 1024w, https:\/\/lb10.com\/wp-content\/uploads\/2025\/07\/LB10_AMP_18.07.2025\u00a9milenazeloni-355-300x200.jpg 300w, https:\/\/lb10.com\/wp-content\/uploads\/2025\/07\/LB10_AMP_18.07.2025\u00a9milenazeloni-355-768x512.jpg 768w\" sizes=\"(max-width: 800px) 100vw, 800px\" \/>\t\t\t\t\t\t\t\t\t\t\t\t\t\t\t<\/div>\n\t\t\t\t<\/div>\n\t\t<div class=\"elementor-element elementor-element-f9a721a e-con-full gray-block right e-flex e-con e-child\" data-id=\"f9a721a\" data-element_type=\"container\" data-e-type=\"container\">\n\t\t\t\t<div class=\"elementor-element elementor-element-94ec5f0 elementor-widget elementor-widget-heading\" data-id=\"94ec5f0\" data-element_type=\"widget\" data-e-type=\"widget\" data-widget_type=\"heading.default\">\n\t\t\t\t\t<h2 class=\"elementor-heading-title elementor-size-default\">Sometimes you just know: things can\u2019t go on the way they have. But then the question is \u2014 what now?<\/h2>\t\t\t\t<\/div>\n\t\t\t\t<div class=\"elementor-element elementor-element-25beb49 elementor-widget elementor-widget-text-editor\" data-id=\"25beb49\" data-element_type=\"widget\" data-e-type=\"widget\" data-widget_type=\"text-editor.default\">\n\t\t\t\t\t\t\t\t\t<p class=\"p1\">Maybe you sense that change is on the horizon \u2014 in your career, your life, or in the way you lead, decide, and make an impact. Yet the next step isn\u2019t clear.<\/p>\n<p><\/p>\n<p class=\"p1\">In coaching, we create space to look closely. You put into words what\u2019s on your mind; I listen, probe, and hold up the mirror.<\/p>\n<p><\/p>\n<p class=\"p1\">Together we find clarity: What drives you? What holds you back? What real, personal options are there?<\/p>\n<p><\/p>\n<p class=\"p1\">Once the goal comes into focus, movement begins. Yes, doubts will surface \u2014 that\u2019s normal. But you already have everything you need.<\/p>\n<p><\/p>\n<p class=\"p1\">I\u2019ll help you tap into your knowledge, experience, and inner strength, step by step.<\/p>\n<p><\/p>\n<p class=\"p1\">Not to become someone else, but to fully live what\u2019s already inside you \u2014 authentic, powerful, effective.<\/p>\n\t\t\t\t\t\t\t\t<\/div>\n\t\t\t\t<\/div>\n\t\t\t\t\t<\/div>\n\t\t\t\t<\/div>\n\t\t\t\t<\/div>\n\t\t","protected":false},"excerpt":{"rendered":"<p>Warning: realpath(): open_basedir restriction in effect. File(\/) is not within the allowed path(s): (\/home\/httpd\/vhosts\/lb10.com\/:\/tmp\/) in \/home\/httpd\/vhosts\/lb10.com\/httpdocs\/wp-includes\/l10n\/class-wp-translation-controller.php on line 106 Warning: realpath(): open_basedir restriction in effect. File(\/) is not within the allowed path(s): (\/home\/httpd\/vhosts\/lb10.com\/:\/tmp\/) in \/home\/httpd\/vhosts\/lb10.com\/httpdocs\/wp-includes\/l10n\/class-wp-translation-controller.php on line 106 Clear orientation and professional support in everyday leadership. Coaching Leading requires clarity \u2013 and that clarity starts [&hellip;]<\/p>\n","protected":false},"author":1,"featured_media":0,"parent":0,"menu_order":0,"comment_status":"closed","ping_status":"closed","template":"","meta":{"footnotes":""},"class_list":["post-1054","page","type-page","status-publish","hentry"],"_links":{"self":[{"href":"https:\/\/lb10.com\/en\/wp-json\/wp\/v2\/pages\/1054","targetHints":{"allow":["GET"]}}],"collection":[{"href":"https:\/\/lb10.com\/en\/wp-json\/wp\/v2\/pages"}],"about":[{"href":"https:\/\/lb10.com\/en\/wp-json\/wp\/v2\/types\/page"}],"author":[{"embeddable":true,"href":"https:\/\/lb10.com\/en\/wp-json\/wp\/v2\/users\/1"}],"replies":[{"embeddable":true,"href":"https:\/\/lb10.com\/en\/wp-json\/wp\/v2\/comments?post=1054"}],"version-history":[{"count":5,"href":"https:\/\/lb10.com\/en\/wp-json\/wp\/v2\/pages\/1054\/revisions"}],"predecessor-version":[{"id":1435,"href":"https:\/\/lb10.com\/en\/wp-json\/wp\/v2\/pages\/1054\/revisions\/1435"}],"wp:attachment":[{"href":"https:\/\/lb10.com\/en\/wp-json\/wp\/v2\/media?parent=1054"}],"curies":[{"name":"wp","href":"https:\/\/api.w.org\/{rel}","templated":true}]}}